{"id":5267,"date":"2021-09-16T11:13:49","date_gmt":"2021-09-16T09:13:49","guid":{"rendered":"https:\/\/www.pointone.czu.cz\/nabor\/"},"modified":"2026-01-12T09:27:49","modified_gmt":"2026-01-12T08:27:49","slug":"recruitment","status":"publish","type":"page","link":"https:\/\/www.pointone.czu.cz\/en\/recruitment\/","title":{"rendered":"Recruitment"},"content":{"rendered":"<p>Zde budou informace o n\u00e1boru \u010dlen\u016f.<\/p>\n","protected":false},"excerpt":{"rendered":"<p>Zde budou informace o n\u00e1boru \u010dlen\u016f.<\/p>\n","protected":false},"author":2,"featured_media":0,"parent":0,"menu_order":29,"comment_status":"closed","ping_status":"closed","template":"template-nabor-clenu.php","meta":{"_acf_changed":false,"om_disable_all_campaigns":false,"_monsterinsights_skip_tracking":false,"_monsterinsights_sitenote_active":false,"_monsterinsights_sitenote_note":"","_monsterinsights_sitenote_category":0,"footnotes":""},"class_list":["post-5267","page","type-page","status-publish","hentry"],"acf":[],"aioseo_notices":[],"_links":{"self":[{"href":"https:\/\/www.pointone.czu.cz\/en\/wp-json\/wp\/v2\/pages\/5267","targetHints":{"allow":["GET"]}}],"collection":[{"href":"https:\/\/www.pointone.czu.cz\/en\/wp-json\/wp\/v2\/pages"}],"about":[{"href":"https:\/\/www.pointone.czu.cz\/en\/wp-json\/wp\/v2\/types\/page"}],"author":[{"embeddable":true,"href":"https:\/\/www.pointone.czu.cz\/en\/wp-json\/wp\/v2\/users\/2"}],"replies":[{"embeddable":true,"href":"https:\/\/www.pointone.czu.cz\/en\/wp-json\/wp\/v2\/comments?post=5267"}],"version-history":[{"count":8,"href":"https:\/\/www.pointone.czu.cz\/en\/wp-json\/wp\/v2\/pages\/5267\/revisions"}],"predecessor-version":[{"id":7061,"href":"https:\/\/www.pointone.czu.cz\/en\/wp-json\/wp\/v2\/pages\/5267\/revisions\/7061"}],"wp:attachment":[{"href":"https:\/\/www.pointone.czu.cz\/en\/wp-json\/wp\/v2\/media?parent=5267"}],"curies":[{"name":"wp","href":"https:\/\/api.w.org\/{rel}","templated":true}]}}