{"id":5344,"date":"2019-09-18T06:37:37","date_gmt":"2019-09-18T06:37:37","guid":{"rendered":"https:\/\/www.pointone.czu.cz\/about-us\/people-at-point-one\/lektori\/"},"modified":"2024-06-14T18:34:31","modified_gmt":"2024-06-14T16:34:31","slug":"trainers","status":"publish","type":"page","link":"https:\/\/www.pointone.czu.cz\/en\/about-us\/people-at-point-one\/trainers\/","title":{"rendered":"Trainers"},"content":{"rendered":"<p style=\"text-align: center;\">Our team of skilled trainers brings a wealth of expertise and knowledge to Point One members. Each trainer specializes in a specific field and possesses practical experience.<br \/>\nTheir primary responsibilities include conducting impactful workshops and offering personalized consultations.<\/p>\n<p style=\"text-align: center;\">\n<ul class=\"teamlist noul\">\n<li class=\"item\"><a href=\"https:\/\/www.pointone.czu.cz\/en\/lektori\/anna-skorepova\/\"><br \/>\n    <span class=\"item__img\"><img loading=\"lazy\" decoding=\"async\" width=\"300\" height=\"300\" src=\"https:\/\/www.pointone.czu.cz\/wp-content\/uploads\/2019\/09\/Anna_Skorepova-300x300.jpg\" class=\"attachment-team size-team wp-post-image\" alt=\"\" srcset=\"https:\/\/www.pointone.czu.cz\/wp-content\/uploads\/2019\/09\/Anna_Skorepova-300x300.jpg 300w, https:\/\/www.pointone.czu.cz\/wp-content\/uploads\/2019\/09\/Anna_Skorepova-150x150.jpg 150w, https:\/\/www.pointone.czu.cz\/wp-content\/uploads\/2019\/09\/Anna_Skorepova.jpg 500w\" sizes=\"auto, (max-width: 300px) 100vw, 300px\" \/><\/span><br \/>\n    <strong class=\"item__title\">Anna Sko\u0159epov\u00e1<\/strong><span class=\"item__position\">Expert \u2013 Gastronomy<\/span><\/a><\/li>\n<li class=\"item\"><a href=\"https:\/\/www.pointone.czu.cz\/en\/lektori\/daniela-sedlonova\/\"><br \/>\n    <span class=\"item__img\"><img loading=\"lazy\" decoding=\"async\" width=\"300\" height=\"300\" src=\"https:\/\/www.pointone.czu.cz\/wp-content\/uploads\/2023\/01\/Daniela-Sedlonova-1-300x300.jpg\" class=\"attachment-team size-team wp-post-image\" alt=\"\" srcset=\"https:\/\/www.pointone.czu.cz\/wp-content\/uploads\/2023\/01\/Daniela-Sedlonova-1-300x300.jpg 300w, https:\/\/www.pointone.czu.cz\/wp-content\/uploads\/2023\/01\/Daniela-Sedlonova-1-1024x1024.jpg 1024w, https:\/\/www.pointone.czu.cz\/wp-content\/uploads\/2023\/01\/Daniela-Sedlonova-1-768x768.jpg 768w, https:\/\/www.pointone.czu.cz\/wp-content\/uploads\/2023\/01\/Daniela-Sedlonova-1-150x150.jpg 150w, https:\/\/www.pointone.czu.cz\/wp-content\/uploads\/2023\/01\/Daniela-Sedlonova-1.jpg 1035w\" sizes=\"auto, (max-width: 300px) 100vw, 300px\" \/><\/span><br \/>\n    <strong class=\"item__title\">Daniela Sedlo\u0148ov\u00e1<\/strong><span class=\"item__position\">Lecturer & Expert \u2013 Leadership<\/span><\/a><\/li>\n<li class=\"item\"><a href=\"https:\/\/www.pointone.czu.cz\/en\/lektori\/david-miklas\/\"><br \/>\n    <span class=\"item__img\"><img loading=\"lazy\" decoding=\"async\" width=\"300\" height=\"300\" src=\"https:\/\/www.pointone.czu.cz\/wp-content\/uploads\/2019\/09\/David_Miklas-300x300.jpg\" class=\"attachment-team size-team wp-post-image\" alt=\"\" srcset=\"https:\/\/www.pointone.czu.cz\/wp-content\/uploads\/2019\/09\/David_Miklas-300x300.jpg 300w, https:\/\/www.pointone.czu.cz\/wp-content\/uploads\/2019\/09\/David_Miklas-150x150.jpg 150w, https:\/\/www.pointone.czu.cz\/wp-content\/uploads\/2019\/09\/David_Miklas.jpg 500w\" sizes=\"auto, (max-width: 300px) 100vw, 300px\" \/><\/span><br \/>\n    <strong class=\"item__title\">David Miklas<\/strong><span class=\"item__position\">Lecturer \u2013 Business Plan<\/span><\/a><\/li>\n<li class=\"item\"><a href=\"https:\/\/www.pointone.czu.cz\/en\/lektori\/david-sobotka\/\"><br \/>\n    <span class=\"item__img\"><img loading=\"lazy\" decoding=\"async\" width=\"300\" height=\"300\" src=\"https:\/\/www.pointone.czu.cz\/wp-content\/uploads\/2024\/09\/PHOTO-2024-09-06-20-03-47-300x300.jpg\" class=\"attachment-team size-team wp-post-image\" alt=\"\" \/><\/span><br \/>\n    <strong class=\"item__title\">David Sobotka<\/strong><span class=\"item__position\">Expert \u2013 Media Production<\/span><\/a><\/li>\n<li class=\"item\"><a href=\"https:\/\/www.pointone.czu.cz\/en\/lektori\/ivana-samcova\/\"><br \/>\n    <span class=\"item__img\"><img loading=\"lazy\" decoding=\"async\" width=\"300\" height=\"300\" src=\"https:\/\/www.pointone.czu.cz\/wp-content\/uploads\/2019\/09\/Ivana_Samcova-300x300.jpg\" class=\"attachment-team size-team wp-post-image\" alt=\"\" srcset=\"https:\/\/www.pointone.czu.cz\/wp-content\/uploads\/2019\/09\/Ivana_Samcova-300x300.jpg 300w, https:\/\/www.pointone.czu.cz\/wp-content\/uploads\/2019\/09\/Ivana_Samcova-150x150.jpg 150w, https:\/\/www.pointone.czu.cz\/wp-content\/uploads\/2019\/09\/Ivana_Samcova.jpg 500w\" sizes=\"auto, (max-width: 300px) 100vw, 300px\" \/><\/span><br \/>\n    <strong class=\"item__title\">Ivana Samcov\u00e1<\/strong><span class=\"item__position\">Expert \u2013 Sales<\/span><\/a><\/li>\n<li class=\"item\"><a href=\"https:\/\/www.pointone.czu.cz\/en\/lektori\/jakub-domitra\/\"><br \/>\n    <span class=\"item__img\"><img loading=\"lazy\" decoding=\"async\" width=\"300\" height=\"300\" src=\"https:\/\/www.pointone.czu.cz\/wp-content\/uploads\/2025\/01\/Na\u0301vrh-bez-na\u0301zvu-2-300x300.png\" class=\"attachment-team size-team wp-post-image\" alt=\"\" srcset=\"https:\/\/www.pointone.czu.cz\/wp-content\/uploads\/2025\/01\/Na\u0301vrh-bez-na\u0301zvu-2-300x300.png 300w, https:\/\/www.pointone.czu.cz\/wp-content\/uploads\/2025\/01\/Na\u0301vrh-bez-na\u0301zvu-2-1024x1024.png 1024w, https:\/\/www.pointone.czu.cz\/wp-content\/uploads\/2025\/01\/Na\u0301vrh-bez-na\u0301zvu-2-768x767.png 768w, https:\/\/www.pointone.czu.cz\/wp-content\/uploads\/2025\/01\/Na\u0301vrh-bez-na\u0301zvu-2-150x150.png 150w, https:\/\/www.pointone.czu.cz\/wp-content\/uploads\/2025\/01\/Na\u0301vrh-bez-na\u0301zvu-2.png 1200w\" sizes=\"auto, (max-width: 300px) 100vw, 300px\" \/><\/span><br \/>\n    <strong class=\"item__title\">Jakub Domitra<\/strong><span class=\"item__position\">Expert \u2013 Investments & Startups<\/span><\/a><\/li>\n<li class=\"item\"><a href=\"https:\/\/www.pointone.czu.cz\/en\/lektori\/jakub-kejval\/\"><br \/>\n    <span class=\"item__img\"><img loading=\"lazy\" decoding=\"async\" width=\"300\" height=\"300\" src=\"https:\/\/www.pointone.czu.cz\/wp-content\/uploads\/2025\/02\/Na\u0301vrh-bez-na\u0301zvu-6-300x300.png\" class=\"attachment-team size-team wp-post-image\" alt=\"\" \/><\/span><br \/>\n    <strong class=\"item__title\">Jakub Kejval<\/strong><span class=\"item__position\">Expert \u2013 Performance Marketing<\/span><\/a><\/li>\n<li class=\"item\"><a href=\"https:\/\/www.pointone.czu.cz\/en\/lektori\/jakub-sechter\/\"><br \/>\n    <span class=\"item__img\"><img loading=\"lazy\" decoding=\"async\" width=\"300\" height=\"300\" src=\"https:\/\/www.pointone.czu.cz\/wp-content\/uploads\/2019\/09\/Jakub_Sechter-300x300.jpg\" class=\"attachment-team size-team wp-post-image\" alt=\"\" srcset=\"https:\/\/www.pointone.czu.cz\/wp-content\/uploads\/2019\/09\/Jakub_Sechter-300x300.jpg 300w, https:\/\/www.pointone.czu.cz\/wp-content\/uploads\/2019\/09\/Jakub_Sechter-150x150.jpg 150w, https:\/\/www.pointone.czu.cz\/wp-content\/uploads\/2019\/09\/Jakub_Sechter.jpg 500w\" sizes=\"auto, (max-width: 300px) 100vw, 300px\" \/><\/span><br \/>\n    <strong class=\"item__title\">Jakub Sechter<\/strong><span class=\"item__position\">Expert \u2013 Metrics & KPIs<\/span><\/a><\/li>\n<li class=\"item\"><a href=\"https:\/\/www.pointone.czu.cz\/en\/lektori\/jan-barta\/\"><br \/>\n    <span class=\"item__img\"><img loading=\"lazy\" decoding=\"async\" width=\"300\" height=\"300\" src=\"https:\/\/www.pointone.czu.cz\/wp-content\/uploads\/2022\/11\/jan-barta_barta-legal-300x300.jpeg\" class=\"attachment-team size-team wp-post-image\" alt=\"\" srcset=\"https:\/\/www.pointone.czu.cz\/wp-content\/uploads\/2022\/11\/jan-barta_barta-legal-300x300.jpeg 300w, https:\/\/www.pointone.czu.cz\/wp-content\/uploads\/2022\/11\/jan-barta_barta-legal-768x768.jpeg 768w, https:\/\/www.pointone.czu.cz\/wp-content\/uploads\/2022\/11\/jan-barta_barta-legal-150x150.jpeg 150w, https:\/\/www.pointone.czu.cz\/wp-content\/uploads\/2022\/11\/jan-barta_barta-legal-100x100.jpeg 100w, https:\/\/www.pointone.czu.cz\/wp-content\/uploads\/2022\/11\/jan-barta_barta-legal.jpeg 1000w\" sizes=\"auto, (max-width: 300px) 100vw, 300px\" \/><\/span><br \/>\n    <strong class=\"item__title\">Jan B\u00e1rta<\/strong><span class=\"item__position\">Lecturer & Expert \u2013 Law<\/span><\/a><\/li>\n<li class=\"item\"><a href=\"https:\/\/www.pointone.czu.cz\/en\/lektori\/karolina-pumprova\/\"><br \/>\n    <span class=\"item__img\"><img loading=\"lazy\" decoding=\"async\" width=\"300\" height=\"300\" src=\"https:\/\/www.pointone.czu.cz\/wp-content\/uploads\/2023\/02\/thumbnail_Ka\u0301ja-300x300.jpeg\" class=\"attachment-team size-team wp-post-image\" alt=\"\" \/><\/span><br \/>\n    <strong class=\"item__title\">Karol\u00edna Pumprov\u00e1<\/strong><span class=\"item__position\">Expert \u2013 Agribusiness<\/span><\/a><\/li>\n<li class=\"item\"><a href=\"https:\/\/www.pointone.czu.cz\/en\/lektori\/lenka-obermajerova\/\"><br \/>\n    <span class=\"item__img\"><img loading=\"lazy\" decoding=\"async\" width=\"300\" height=\"300\" src=\"https:\/\/www.pointone.czu.cz\/wp-content\/uploads\/2026\/03\/Lenka_Obermajerova-300x300.jpg\" class=\"attachment-team size-team wp-post-image\" alt=\"\" srcset=\"https:\/\/www.pointone.czu.cz\/wp-content\/uploads\/2026\/03\/Lenka_Obermajerova-300x300.jpg 300w, https:\/\/www.pointone.czu.cz\/wp-content\/uploads\/2026\/03\/Lenka_Obermajerova-150x150.jpg 150w, https:\/\/www.pointone.czu.cz\/wp-content\/uploads\/2026\/03\/Lenka_Obermajerova.jpg 500w\" sizes=\"auto, (max-width: 300px) 100vw, 300px\" \/><\/span><br \/>\n    <strong class=\"item__title\">Lenka Obermajerov\u00e1<\/strong><span class=\"item__position\">Lecturer - Vision<\/span><\/a><\/li>\n<li class=\"item\"><a href=\"https:\/\/www.pointone.czu.cz\/en\/lektori\/lenka-roztocilova\/\"><br \/>\n    <span class=\"item__img\"><img loading=\"lazy\" decoding=\"async\" width=\"300\" height=\"300\" src=\"https:\/\/www.pointone.czu.cz\/wp-content\/uploads\/2025\/06\/Lenka-300x300.png\" class=\"attachment-team size-team wp-post-image\" alt=\"\" srcset=\"https:\/\/www.pointone.czu.cz\/wp-content\/uploads\/2025\/06\/Lenka-300x300.png 300w, https:\/\/www.pointone.czu.cz\/wp-content\/uploads\/2025\/06\/Lenka-1024x1024.png 1024w, https:\/\/www.pointone.czu.cz\/wp-content\/uploads\/2025\/06\/Lenka-768x768.png 768w, https:\/\/www.pointone.czu.cz\/wp-content\/uploads\/2025\/06\/Lenka-150x150.png 150w, https:\/\/www.pointone.czu.cz\/wp-content\/uploads\/2025\/06\/Lenka.png 1080w\" sizes=\"auto, (max-width: 300px) 100vw, 300px\" \/><\/span><br \/>\n    <strong class=\"item__title\">Lenka Rozto\u010dilov\u00e1<\/strong><span class=\"item__position\">Lecturer & Expert \u2013 Sales<\/span><\/a><\/li>\n<li class=\"item\"><a href=\"https:\/\/www.pointone.czu.cz\/en\/lektori\/magdalena-prunerova\/\"><br \/>\n    <span class=\"item__img\"><img loading=\"lazy\" decoding=\"async\" width=\"300\" height=\"300\" src=\"https:\/\/www.pointone.czu.cz\/wp-content\/uploads\/2023\/08\/Magdalena-Prunerova-1-300x300.jpg\" class=\"attachment-team size-team wp-post-image\" alt=\"\" srcset=\"https:\/\/www.pointone.czu.cz\/wp-content\/uploads\/2023\/08\/Magdalena-Prunerova-1-300x300.jpg 300w, https:\/\/www.pointone.czu.cz\/wp-content\/uploads\/2023\/08\/Magdalena-Prunerova-1-1024x1024.jpg 1024w, https:\/\/www.pointone.czu.cz\/wp-content\/uploads\/2023\/08\/Magdalena-Prunerova-1-768x768.jpg 768w, https:\/\/www.pointone.czu.cz\/wp-content\/uploads\/2023\/08\/Magdalena-Prunerova-1-1536x1536.jpg 1536w, https:\/\/www.pointone.czu.cz\/wp-content\/uploads\/2023\/08\/Magdalena-Prunerova-1-150x150.jpg 150w, https:\/\/www.pointone.czu.cz\/wp-content\/uploads\/2023\/08\/Magdalena-Prunerova-1.jpg 1668w\" sizes=\"auto, (max-width: 300px) 100vw, 300px\" \/><\/span><br \/>\n    <strong class=\"item__title\">Magdal\u00e9na Prunerov\u00e1<\/strong><span class=\"item__position\">Expert \u2013 Management<\/span><\/a><\/li>\n<li class=\"item\"><a href=\"https:\/\/www.pointone.czu.cz\/en\/lektori\/margareta-krizova\/\"><br \/>\n    <span class=\"item__img\"><img loading=\"lazy\" decoding=\"async\" width=\"300\" height=\"300\" src=\"https:\/\/www.pointone.czu.cz\/wp-content\/uploads\/2021\/10\/Margareta-300x300-1.jpg\" class=\"attachment-team size-team wp-post-image\" alt=\"Margareta K\u0159\u00ed\u017eov\u00e1\" srcset=\"https:\/\/www.pointone.czu.cz\/wp-content\/uploads\/2021\/10\/Margareta-300x300-1.jpg 300w, https:\/\/www.pointone.czu.cz\/wp-content\/uploads\/2021\/10\/Margareta-300x300-1-150x150.jpg 150w, https:\/\/www.pointone.czu.cz\/wp-content\/uploads\/2021\/10\/Margareta-300x300-1-100x100.jpg 100w\" sizes=\"auto, (max-width: 300px) 100vw, 300px\" \/><\/span><br \/>\n    <strong class=\"item__title\">Margareta K\u0159\u00ed\u017eov\u00e1<\/strong><span class=\"item__position\">Lecturer & Expert \u2013 Investments<\/span><\/a><\/li>\n<li class=\"item\"><a href=\"https:\/\/www.pointone.czu.cz\/en\/lektori\/martin-bangho-2\/\"><br \/>\n    <span class=\"item__img\"><img loading=\"lazy\" decoding=\"async\" width=\"300\" height=\"300\" src=\"https:\/\/www.pointone.czu.cz\/wp-content\/uploads\/2026\/01\/Medailonek-v1-WBG-300x300.png\" class=\"attachment-team size-team wp-post-image\" alt=\"\" srcset=\"https:\/\/www.pointone.czu.cz\/wp-content\/uploads\/2026\/01\/Medailonek-v1-WBG-300x300.png 300w, https:\/\/www.pointone.czu.cz\/wp-content\/uploads\/2026\/01\/Medailonek-v1-WBG-768x768.png 768w, https:\/\/www.pointone.czu.cz\/wp-content\/uploads\/2026\/01\/Medailonek-v1-WBG-150x150.png 150w, https:\/\/www.pointone.czu.cz\/wp-content\/uploads\/2026\/01\/Medailonek-v1-WBG.png 1024w\" sizes=\"auto, (max-width: 300px) 100vw, 300px\" \/><\/span><br \/>\n    <strong class=\"item__title\">Martin Bangho<\/strong><span class=\"item__position\">Expert - SEO, AI a digital strategy<\/span><\/a><\/li>\n<li class=\"item\"><a href=\"https:\/\/www.pointone.czu.cz\/en\/lektori\/martin-samal\/\"><br \/>\n    <span class=\"item__img\"><img loading=\"lazy\" decoding=\"async\" width=\"300\" height=\"300\" src=\"https:\/\/www.pointone.czu.cz\/wp-content\/uploads\/2023\/08\/Martin-Samal-1-300x300.jpg\" class=\"attachment-team size-team wp-post-image\" alt=\"\" \/><\/span><br \/>\n    <strong class=\"item__title\">Martin \u0160\u00e1mal<\/strong><span class=\"item__position\">Lecturer & Expert \u2013 Marketing<\/span><\/a><\/li>\n<li class=\"item\"><a href=\"https:\/\/www.pointone.czu.cz\/en\/lektori\/martin-stoncner\/\"><br \/>\n    <span class=\"item__img\"><img loading=\"lazy\" decoding=\"async\" width=\"300\" height=\"300\" src=\"https:\/\/www.pointone.czu.cz\/wp-content\/uploads\/2019\/09\/Martin_Stoncner-300x300.jpg\" class=\"attachment-team size-team wp-post-image\" alt=\"\" srcset=\"https:\/\/www.pointone.czu.cz\/wp-content\/uploads\/2019\/09\/Martin_Stoncner-300x300.jpg 300w, https:\/\/www.pointone.czu.cz\/wp-content\/uploads\/2019\/09\/Martin_Stoncner-150x150.jpg 150w, https:\/\/www.pointone.czu.cz\/wp-content\/uploads\/2019\/09\/Martin_Stoncner.jpg 500w\" sizes=\"auto, (max-width: 300px) 100vw, 300px\" \/><\/span><br \/>\n    <strong class=\"item__title\">Martin \u0160toncner<\/strong><span class=\"item__position\">Lecturer & Expert \u2013 Accounting<\/span><\/a><\/li>\n<li class=\"item\"><a href=\"https:\/\/www.pointone.czu.cz\/en\/lektori\/martina-holubova\/\"><br \/>\n    <span class=\"item__img\"><img loading=\"lazy\" decoding=\"async\" width=\"300\" height=\"300\" src=\"https:\/\/www.pointone.czu.cz\/wp-content\/uploads\/2025\/01\/Martina_Holubova_upraveno3-1-300x300.jpg\" class=\"attachment-team size-team wp-post-image\" alt=\"\" \/><\/span><br \/>\n    <strong class=\"item__title\">Martina Holubov\u00e1<\/strong><span class=\"item__position\">Lecturer \u2013 Metrics & KPIs<\/span><\/a><\/li>\n<li class=\"item\"><a href=\"https:\/\/www.pointone.czu.cz\/en\/lektori\/matyas-drevo\/\"><br \/>\n    <span class=\"item__img\"><img loading=\"lazy\" decoding=\"async\" width=\"300\" height=\"300\" src=\"https:\/\/www.pointone.czu.cz\/wp-content\/uploads\/2019\/09\/Matyas_Drevo-300x300.jpg\" class=\"attachment-team size-team wp-post-image\" alt=\"\" srcset=\"https:\/\/www.pointone.czu.cz\/wp-content\/uploads\/2019\/09\/Matyas_Drevo-300x300.jpg 300w, https:\/\/www.pointone.czu.cz\/wp-content\/uploads\/2019\/09\/Matyas_Drevo-150x150.jpg 150w, https:\/\/www.pointone.czu.cz\/wp-content\/uploads\/2019\/09\/Matyas_Drevo.jpg 500w\" sizes=\"auto, (max-width: 300px) 100vw, 300px\" \/><\/span><br \/>\n    <strong class=\"item__title\">Maty\u00e1\u0161 D\u0159evo<\/strong><span class=\"item__position\">Lecturer & Expert \u2013 Sales<\/span><\/a><\/li>\n<li class=\"item\"><a href=\"https:\/\/www.pointone.czu.cz\/en\/lektori\/monika-netreba\/\"><br \/>\n    <span class=\"item__img\"><img loading=\"lazy\" decoding=\"async\" width=\"300\" height=\"300\" src=\"https:\/\/www.pointone.czu.cz\/wp-content\/uploads\/2021\/01\/Monika-Netreba-300x300.jpg\" class=\"attachment-team size-team wp-post-image\" alt=\"\" srcset=\"https:\/\/www.pointone.czu.cz\/wp-content\/uploads\/2021\/01\/Monika-Netreba-300x300.jpg 300w, https:\/\/www.pointone.czu.cz\/wp-content\/uploads\/2021\/01\/Monika-Netreba-150x150.jpg 150w, https:\/\/www.pointone.czu.cz\/wp-content\/uploads\/2021\/01\/Monika-Netreba.jpg 309w\" sizes=\"auto, (max-width: 300px) 100vw, 300px\" \/><\/span><br \/>\n    <strong class=\"item__title\">Monika Net\u0159eba<\/strong><span class=\"item__position\">Expert \u2013 Marketing Communication<\/span><\/a><\/li>\n<li class=\"item\"><a href=\"https:\/\/www.pointone.czu.cz\/en\/lektori\/ondrej-homola\/\"><br \/>\n    <span class=\"item__img\"><img loading=\"lazy\" decoding=\"async\" width=\"300\" height=\"300\" src=\"https:\/\/www.pointone.czu.cz\/wp-content\/uploads\/2021\/01\/Ondrej_Homola-300x300.jpg\" class=\"attachment-team size-team wp-post-image\" alt=\"Ond\u0159ej Homola\" srcset=\"https:\/\/www.pointone.czu.cz\/wp-content\/uploads\/2021\/01\/Ondrej_Homola-300x300.jpg 300w, https:\/\/www.pointone.czu.cz\/wp-content\/uploads\/2021\/01\/Ondrej_Homola-100x100.jpg 100w\" sizes=\"auto, (max-width: 300px) 100vw, 300px\" \/><\/span><br \/>\n    <strong class=\"item__title\">Ond\u0159ej Homola<\/strong><span class=\"item__position\">Expert \u2013 Market Research<\/span><\/a><\/li>\n<li class=\"item\"><a href=\"https:\/\/www.pointone.czu.cz\/en\/lektori\/ondrej-richter\/\"><br \/>\n    <span class=\"item__img\"><img decoding=\"async\" src=\"https:\/\/www.pointone.czu.cz\/wp-content\/themes\/pointone\/src\/images-old\/user-male.png\" alt=\"Mu\u017e\"><\/span><br \/>\n    <strong class=\"item__title\">Ond\u0159ej Richter<\/strong><span class=\"item__position\">Expert \u2013 Online Marketing<\/span><\/a><\/li>\n<li class=\"item\"><a href=\"https:\/\/www.pointone.czu.cz\/en\/lektori\/radim-codl\/\"><br \/>\n    <span class=\"item__img\"><img loading=\"lazy\" decoding=\"async\" width=\"300\" height=\"300\" src=\"https:\/\/www.pointone.czu.cz\/wp-content\/uploads\/2025\/02\/Na\u0301vrh-bez-na\u0301zvu-9-300x300.png\" class=\"attachment-team size-team wp-post-image\" alt=\"\" srcset=\"https:\/\/www.pointone.czu.cz\/wp-content\/uploads\/2025\/02\/Na\u0301vrh-bez-na\u0301zvu-9-300x300.png 300w, https:\/\/www.pointone.czu.cz\/wp-content\/uploads\/2025\/02\/Na\u0301vrh-bez-na\u0301zvu-9-1024x1024.png 1024w, https:\/\/www.pointone.czu.cz\/wp-content\/uploads\/2025\/02\/Na\u0301vrh-bez-na\u0301zvu-9-768x768.png 768w, https:\/\/www.pointone.czu.cz\/wp-content\/uploads\/2025\/02\/Na\u0301vrh-bez-na\u0301zvu-9-150x150.png 150w, https:\/\/www.pointone.czu.cz\/wp-content\/uploads\/2025\/02\/Na\u0301vrh-bez-na\u0301zvu-9.png 1080w\" sizes=\"auto, (max-width: 300px) 100vw, 300px\" \/><\/span><br \/>\n    <strong class=\"item__title\">Radim Codl<\/strong><span class=\"item__position\">Expert - Science &\u00a0Business<\/span><\/a><\/li>\n<li class=\"item\"><a href=\"https:\/\/www.pointone.czu.cz\/en\/lektori\/sarka-heroldova\/\"><br \/>\n    <span class=\"item__img\"><img loading=\"lazy\" decoding=\"async\" width=\"300\" height=\"300\" src=\"https:\/\/www.pointone.czu.cz\/wp-content\/uploads\/2019\/09\/Sarka_Heroldova-300x300.jpg\" class=\"attachment-team size-team wp-post-image\" alt=\"\" srcset=\"https:\/\/www.pointone.czu.cz\/wp-content\/uploads\/2019\/09\/Sarka_Heroldova-300x300.jpg 300w, https:\/\/www.pointone.czu.cz\/wp-content\/uploads\/2019\/09\/Sarka_Heroldova-150x150.jpg 150w, https:\/\/www.pointone.czu.cz\/wp-content\/uploads\/2019\/09\/Sarka_Heroldova.jpg 500w\" sizes=\"auto, (max-width: 300px) 100vw, 300px\" \/><\/span><br \/>\n    <strong class=\"item__title\">\u0160\u00e1rka Heroldov\u00e1<\/strong><span class=\"item__position\">Lecturer & Expert \u2013 Elevator Pitch<\/span><\/a><\/li>\n<li class=\"item\"><a href=\"https:\/\/www.pointone.czu.cz\/en\/lektori\/tomas-novotny\/\"><br \/>\n    <span class=\"item__img\"><img loading=\"lazy\" decoding=\"async\" width=\"300\" height=\"300\" src=\"https:\/\/www.pointone.czu.cz\/wp-content\/uploads\/2019\/09\/Tomas-Pokorny_2-300x300.jpg\" class=\"attachment-team size-team wp-post-image\" alt=\"\" srcset=\"https:\/\/www.pointone.czu.cz\/wp-content\/uploads\/2019\/09\/Tomas-Pokorny_2-300x300.jpg 300w, https:\/\/www.pointone.czu.cz\/wp-content\/uploads\/2019\/09\/Tomas-Pokorny_2-1024x1024.jpg 1024w, https:\/\/www.pointone.czu.cz\/wp-content\/uploads\/2019\/09\/Tomas-Pokorny_2-768x768.jpg 768w, https:\/\/www.pointone.czu.cz\/wp-content\/uploads\/2019\/09\/Tomas-Pokorny_2-1536x1536.jpg 1536w, https:\/\/www.pointone.czu.cz\/wp-content\/uploads\/2019\/09\/Tomas-Pokorny_2-150x150.jpg 150w, https:\/\/www.pointone.czu.cz\/wp-content\/uploads\/2019\/09\/Tomas-Pokorny_2-100x100.jpg 100w, https:\/\/www.pointone.czu.cz\/wp-content\/uploads\/2019\/09\/Tomas-Pokorny_2.jpg 1920w\" sizes=\"auto, (max-width: 300px) 100vw, 300px\" \/><\/span><br \/>\n    <strong class=\"item__title\">Tom\u00e1\u0161 Novotn\u00fd<\/strong><span class=\"item__position\">Expert \u2013 Product Development<\/span><\/a><\/li>\n<li class=\"item\"><a href=\"https:\/\/www.pointone.czu.cz\/en\/lektori\/tomas-pokorny\/\"><br \/>\n    <span class=\"item__img\"><img loading=\"lazy\" decoding=\"async\" width=\"300\" height=\"300\" src=\"https:\/\/www.pointone.czu.cz\/wp-content\/uploads\/2019\/09\/Tomas_Pokorny-300x300.jpg\" class=\"attachment-team size-team wp-post-image\" alt=\"\" srcset=\"https:\/\/www.pointone.czu.cz\/wp-content\/uploads\/2019\/09\/Tomas_Pokorny-300x300.jpg 300w, https:\/\/www.pointone.czu.cz\/wp-content\/uploads\/2019\/09\/Tomas_Pokorny-150x150.jpg 150w, https:\/\/www.pointone.czu.cz\/wp-content\/uploads\/2019\/09\/Tomas_Pokorny.jpg 500w\" sizes=\"auto, (max-width: 300px) 100vw, 300px\" \/><\/span><br \/>\n    <strong class=\"item__title\">Tom\u00e1\u0161 Pokorn\u00fd<\/strong><span class=\"item__position\">Lecturer & Expert \u2013 Financial Model<\/span><\/a><\/li>\n<\/ul>\n<p class=\"text-center\"><a href=\"#\" id=\"load-more\" class=\"button\">Show more<\/a><\/p><\/p>\n","protected":false},"excerpt":{"rendered":"<p>Our team of skilled trainers brings a wealth of expertise and knowledge to Point One members. Each trainer specializes in a specific field and possesses practical experience. Their primary responsibilities include conducting impactful workshops and offering personalized consultations.<\/p>\n","protected":false},"author":2,"featured_media":0,"parent":5341,"menu_order":9,"comment_status":"closed","ping_status":"closed","template":"template-lide-v-po-vypis.php","meta":{"_acf_changed":false,"om_disable_all_campaigns":false,"_monsterinsights_skip_tracking":false,"_monsterinsights_sitenote_active":false,"_monsterinsights_sitenote_note":"","_monsterinsights_sitenote_category":0,"footnotes":""},"class_list":["post-5344","page","type-page","status-publish","hentry"],"acf":[],"aioseo_notices":[],"_links":{"self":[{"href":"https:\/\/www.pointone.czu.cz\/en\/wp-json\/wp\/v2\/pages\/5344","targetHints":{"allow":["GET"]}}],"collection":[{"href":"https:\/\/www.pointone.czu.cz\/en\/wp-json\/wp\/v2\/pages"}],"about":[{"href":"https:\/\/www.pointone.czu.cz\/en\/wp-json\/wp\/v2\/types\/page"}],"author":[{"embeddable":true,"href":"https:\/\/www.pointone.czu.cz\/en\/wp-json\/wp\/v2\/users\/2"}],"replies":[{"embeddable":true,"href":"https:\/\/www.pointone.czu.cz\/en\/wp-json\/wp\/v2\/comments?post=5344"}],"version-history":[{"count":1,"href":"https:\/\/www.pointone.czu.cz\/en\/wp-json\/wp\/v2\/pages\/5344\/revisions"}],"predecessor-version":[{"id":5345,"href":"https:\/\/www.pointone.czu.cz\/en\/wp-json\/wp\/v2\/pages\/5344\/revisions\/5345"}],"up":[{"embeddable":true,"href":"https:\/\/www.pointone.czu.cz\/en\/wp-json\/wp\/v2\/pages\/5341"}],"wp:attachment":[{"href":"https:\/\/www.pointone.czu.cz\/en\/wp-json\/wp\/v2\/media?parent=5344"}],"curies":[{"name":"wp","href":"https:\/\/api.w.org\/{rel}","templated":true}]}}