{"id":5430,"date":"2019-09-18T12:54:56","date_gmt":"2019-09-18T10:54:56","guid":{"rendered":"https:\/\/www.pointone.czu.cz\/kalendar-akci\/"},"modified":"2024-06-14T20:38:51","modified_gmt":"2024-06-14T18:38:51","slug":"calendar-of-events","status":"publish","type":"page","link":"https:\/\/www.pointone.czu.cz\/en\/calendar-of-events\/","title":{"rendered":"Calendar of events"},"content":{"rendered":"<p>Workshopy pro podnikatele pro za\u010d\u00ednaj\u00edc\u00ed i pokro\u010dil\u00e9 podnikatele.<\/p>\n","protected":false},"excerpt":{"rendered":"<p>Workshopy pro podnikatele pro za\u010d\u00ednaj\u00edc\u00ed i pokro\u010dil\u00e9 podnikatele.<\/p>\n","protected":false},"author":2,"featured_media":0,"parent":0,"menu_order":18,"comment_status":"closed","ping_status":"closed","template":"template-kalendar-akci.php","meta":{"_acf_changed":false,"om_disable_all_campaigns":false,"_monsterinsights_skip_tracking":false,"_monsterinsights_sitenote_active":false,"_monsterinsights_sitenote_note":"","_monsterinsights_sitenote_category":0,"footnotes":""},"class_list":["post-5430","page","type-page","status-publish","hentry"],"acf":[],"aioseo_notices":[],"_links":{"self":[{"href":"https:\/\/www.pointone.czu.cz\/en\/wp-json\/wp\/v2\/pages\/5430","targetHints":{"allow":["GET"]}}],"collection":[{"href":"https:\/\/www.pointone.czu.cz\/en\/wp-json\/wp\/v2\/pages"}],"about":[{"href":"https:\/\/www.pointone.czu.cz\/en\/wp-json\/wp\/v2\/types\/page"}],"author":[{"embeddable":true,"href":"https:\/\/www.pointone.czu.cz\/en\/wp-json\/wp\/v2\/users\/2"}],"replies":[{"embeddable":true,"href":"https:\/\/www.pointone.czu.cz\/en\/wp-json\/wp\/v2\/comments?post=5430"}],"version-history":[{"count":1,"href":"https:\/\/www.pointone.czu.cz\/en\/wp-json\/wp\/v2\/pages\/5430\/revisions"}],"predecessor-version":[{"id":5432,"href":"https:\/\/www.pointone.czu.cz\/en\/wp-json\/wp\/v2\/pages\/5430\/revisions\/5432"}],"wp:attachment":[{"href":"https:\/\/www.pointone.czu.cz\/en\/wp-json\/wp\/v2\/media?parent=5430"}],"curies":[{"name":"wp","href":"https:\/\/api.w.org\/{rel}","templated":true}]}}